{"id":24503,"date":"2018-02-16T18:26:47","date_gmt":"2018-02-16T17:26:47","guid":{"rendered":"http:\/\/www.huzarenvanboreel.nl\/index.php\/media\/foto-archief\/1968-41-zve-weyde\/"},"modified":"2018-02-18T18:03:54","modified_gmt":"2018-02-18T17:03:54","slug":"1968-41-zve-weyde","status":"publish","type":"page","link":"https:\/\/huzarenvanboreel.nl\/index.php\/media\/foto-archief\/1968-41-zve-weyde\/","title":{"rendered":"1968 &#8211; 41 ZVE &#8211; Weyde"},"content":{"rendered":"<p>Mei 1968, eskadronscommandant Victor van Bouwdijk Bastiaanse beval dat het eskadron op zaterdag voor het avondapp\u00e9l moest aantreden &#8220;in burger&#8221;.<br \/>\nNiemand had enige notie van de bedoeling ervan. Plots kwamer er een aantal touringcars aanrijden&#8230;!!!<br \/>\nIedereen moest instappen. De reis ging naar de reperbaan, Hamburg.<br \/>\nVerzamelen in hotel Zillerthal&#8230;&#8230;.F\u00e9\u00e9\u00e9\u00e9\u00e9\u00e9st.<\/p>\n<p>Vriendelijke groet,<\/p>\n<p>Jan van der Weyde, toen chauffeur van Vic.<\/p>\nngg_shortcode_0_placeholder\n","protected":false},"excerpt":{"rendered":"<p>Mei 1968, eskadronscommandant Victor van Bouwdijk Bastiaanse beval dat het eskadron op zaterdag voor het avondapp\u00e9l moest aantreden &#8220;in burger&#8221;. Niemand had enige notie van de bedoeling ervan. Plots kwamer er een aantal touringcars aanrijden&#8230;!!! Iedereen moest instappen. De reis ging naar de reperbaan, Hamburg. Verzamelen in hotel Zillerthal&#8230;&#8230;.F\u00e9\u00e9\u00e9\u00e9\u00e9\u00e9st. Vriendelijke groet, Jan van der Weyde, &#8230; <a title=\"1968 &#8211; 41 ZVE &#8211; Weyde\" class=\"read-more\" href=\"https:\/\/huzarenvanboreel.nl\/index.php\/media\/foto-archief\/1968-41-zve-weyde\/\" aria-label=\"Lees meer over 1968 &#8211; 41 ZVE &#8211; Weyde\">Lees verder<\/a><\/p>\n","protected":false},"author":1,"featured_media":0,"parent":955,"menu_order":0,"comment_status":"closed","ping_status":"closed","template":"","meta":{"_bbp_topic_count":0,"_bbp_reply_count":0,"_bbp_total_topic_count":0,"_bbp_total_reply_count":0,"_bbp_voice_count":0,"_bbp_anonymous_reply_count":0,"_bbp_topic_count_hidden":0,"_bbp_reply_count_hidden":0,"_bbp_forum_subforum_count":0,"ngg_post_thumbnail":0,"footnotes":""},"class_list":["post-24503","page","type-page","status-publish"],"_links":{"self":[{"href":"https:\/\/huzarenvanboreel.nl\/index.php\/wp-json\/wp\/v2\/pages\/24503","targetHints":{"allow":["GET"]}}],"collection":[{"href":"https:\/\/huzarenvanboreel.nl\/index.php\/wp-json\/wp\/v2\/pages"}],"about":[{"href":"https:\/\/huzarenvanboreel.nl\/index.php\/wp-json\/wp\/v2\/types\/page"}],"author":[{"embeddable":true,"href":"https:\/\/huzarenvanboreel.nl\/index.php\/wp-json\/wp\/v2\/users\/1"}],"replies":[{"embeddable":true,"href":"https:\/\/huzarenvanboreel.nl\/index.php\/wp-json\/wp\/v2\/comments?post=24503"}],"version-history":[{"count":1,"href":"https:\/\/huzarenvanboreel.nl\/index.php\/wp-json\/wp\/v2\/pages\/24503\/revisions"}],"predecessor-version":[{"id":24634,"href":"https:\/\/huzarenvanboreel.nl\/index.php\/wp-json\/wp\/v2\/pages\/24503\/revisions\/24634"}],"up":[{"embeddable":true,"href":"https:\/\/huzarenvanboreel.nl\/index.php\/wp-json\/wp\/v2\/pages\/955"}],"wp:attachment":[{"href":"https:\/\/huzarenvanboreel.nl\/index.php\/wp-json\/wp\/v2\/media?parent=24503"}],"curies":[{"name":"wp","href":"https:\/\/api.w.org\/{rel}","templated":true}]}}