{"id":43840,"date":"2024-04-19T15:17:38","date_gmt":"2024-04-19T13:17:38","guid":{"rendered":"https:\/\/www.huzarenvanboreel.nl\/?page_id=43840"},"modified":"2025-09-29T17:59:31","modified_gmt":"2025-09-29T15:59:31","slug":"huzarenstukje-op-familiebegraafplaats-de-kikvorsch-in-velsen-zuid","status":"publish","type":"page","link":"https:\/\/huzarenvanboreel.nl\/index.php\/huzarenstukje-op-familiebegraafplaats-de-kikvorsch-in-velsen-zuid\/","title":{"rendered":"Eerbetoon aan onze oprichter"},"content":{"rendered":"\n<p class=\"has-medium-font-size\"><strong>Huzarenstukje op Familiebegraafplaats \u201cde Kikvorsch\u201d in Velsen-Zuid.<\/strong><\/p>\n\n\n\n<figure class=\"wp-block-image alignwide size-full\"><img loading=\"lazy\" decoding=\"async\" width=\"960\" height=\"640\" src=\"https:\/\/www.huzarenvanboreel.nl\/wp-content\/uploads\/2024\/04\/Graf-WF-Boreel.jpeg\" alt=\"\" class=\"wp-image-45574\" srcset=\"https:\/\/huzarenvanboreel.nl\/wp-content\/uploads\/2024\/04\/Graf-WF-Boreel.jpeg 960w, https:\/\/huzarenvanboreel.nl\/wp-content\/uploads\/2024\/04\/Graf-WF-Boreel-300x200.jpeg 300w, https:\/\/huzarenvanboreel.nl\/wp-content\/uploads\/2024\/04\/Graf-WF-Boreel-768x512.jpeg 768w, https:\/\/huzarenvanboreel.nl\/wp-content\/uploads\/2024\/04\/Graf-WF-Boreel-600x400.jpeg 600w\" sizes=\"auto, (max-width: 960px) 100vw, 960px\" \/><\/figure>\n\n\n\n<p>Door Luitenant-kolonel bd Jhr Jaap Boreel; <a href=\"https:\/\/www.huzarenvanboreel.nl\/index.php\/de-regimentsarts\/\" target=\"_blank\" rel=\"noreferrer noopener\">regimentsarts<\/a><\/p>\n\n\n\n<p>Ergens op een beschut plekje aan de rand van de Kennemerduinen staan tussen het struweel enkele oude grijsmarmeren grafzerken. Achter een monumentale gietijzeren toegangspoort ligt hier de eeuwenoude priv\u00e9 begraafplaats van de familie Boreel. Een prachtig stil plekje, mooi verscholen tussen bomen, waar je meerdere keren langs kunt rijden zonder de begraafplaats op te merken. Diverse telgen uit dit geslacht vonden hier hun laatste rustplaats.<\/p>\n\n\n\n<div class=\"wp-block-columns is-layout-flex wp-container-core-columns-is-layout-9d6595d7 wp-block-columns-is-layout-flex\">\n<div class=\"wp-block-column is-vertically-aligned-center is-layout-flow wp-block-column-is-layout-flow\" style=\"flex-basis:66.66%\">\n<p>Op wat fluitende vogeltjes en ruisende boomtakken na, heerst er een serene rust in dit mooie stukje natuur. Totdat er plotseling trompetgeschal klinkt.<\/p>\n\n\n\n<p>Rondom \u00e9\u00e9n van de graven, het graf van Willem Fran\u00e7ois Boreel (1775-1851), oprichter van de \u201cHuzaren van Boreel\u201d, staan enkele geuniformeerde heren in de houding en brengen een ere-saluut. <\/p>\n\n\n\n<p>Een huzaar-trompetter blaast het \u201csignaal-taptoe\u201d en even later schalt ook het Wilhelmus door het bos.<\/p>\n<\/div>\n\n\n\n<div class=\"wp-block-column is-vertically-aligned-center is-layout-flow wp-block-column-is-layout-flow\" style=\"flex-basis:33.33%\">\n<figure class=\"wp-block-image size-large\"><img decoding=\"async\" src=\"https:\/\/www.huzarenvanboreel.nl\/wp-content\/uploads\/2021\/03\/20210326_a5-1024x682.jpg\" alt=\"\"\/><\/figure>\n<\/div>\n<\/div>\n\n\n\n<div class=\"wp-block-columns is-layout-flex wp-container-core-columns-is-layout-9d6595d7 wp-block-columns-is-layout-flex\">\n<div class=\"wp-block-column is-vertically-aligned-center is-layout-flow wp-block-column-is-layout-flow\" style=\"flex-basis:33.33%\">\n<figure class=\"wp-block-image size-large\"><a href=\"https:\/\/www.huzarenvanboreel.nl\/wp-content\/uploads\/2021\/03\/20210326_a6.jpg\"><img decoding=\"async\" src=\"https:\/\/www.huzarenvanboreel.nl\/wp-content\/uploads\/2021\/03\/20210326_a6.jpg\" alt=\"\"\/><\/a><\/figure>\n<\/div>\n\n\n\n<div class=\"wp-block-column is-vertically-aligned-center is-layout-flow wp-block-column-is-layout-flow\" style=\"flex-basis:66.66%\">\n<p>De huidige Regimentscommandant, de Kolonel der Huzaren <a href=\"https:\/\/www.huzarenvanboreel.nl\/wp-content\/gallery\/20230928_beediging_amersfoort\/PHOTO-2023-09-28-13-49-25-26.jpg\" target=\"_blank\" rel=\"noreferrer noopener\">Hans van Dalen<\/a>, overhandigde in 2021 een exemplaar van het nieuwe geschiedsboek van het regiment en legt na een korte toespraak, samen met Luitenant-kolonel der Huzaren (bd) <a href=\"https:\/\/www.huzarenvanboreel.nl\/wp-content\/uploads\/2024\/01\/Beediging-RHB-03-10-2019-52.jpeg\" target=\"_blank\" rel=\"noreferrer noopener\">Jonkheer Jaap Boreel<\/a>, namens het Regiment een bloemstuk bij het graf. <br>Jaap en zijn overige aanwezige neven, Jonkheer Lucas Boreel en Jonkheer Freddie Boreel, zijn verre nazaten van de illustere oprichter van de Huzaren van Boreel. \u201c<em>Dit is een unieke gebeurtenis en hier wordt geschiedenis geschreven, want nooit eerder kreeg Willem Fran\u00e7ois Boreel op deze plek een dergelijk militair eerbetoon<\/em>\u201d, aldus Jaap.<\/p>\n<\/div>\n<\/div>\n\n\n\n<div class=\"wp-block-columns is-layout-flex wp-container-core-columns-is-layout-9d6595d7 wp-block-columns-is-layout-flex\">\n<div class=\"wp-block-column is-vertically-aligned-center is-layout-flow wp-block-column-is-layout-flow\" style=\"flex-basis:66.66%\">\n<p>Aan het einde van de ceremonie wordt door alle aanwezigen nog een toast uitgebracht op de eeuwenoude band tussen het Regiment en de Familie en wordt, hoe kan \u2018t ook anders, uit volle borst de \u201c<a href=\"https:\/\/www.huzarenvanboreel.nl\/wp-content\/uploads\/2023\/12\/03.Huzaren-van-Boreel-nieuw.mp3\" target=\"_blank\" rel=\"noreferrer noopener\">Boreel-mars<\/a>\u201d gezongen. <\/p>\n\n\n\n<p>Ook dit doet het vrolijke vogelgekwetter weer even kort verstommen, waarna de serene rust over deze eeuwenoude begraafplaats snel terugkeert.<\/p>\n<\/div>\n\n\n\n<div class=\"wp-block-column is-vertically-aligned-center is-layout-flow wp-block-column-is-layout-flow\" style=\"flex-basis:33.33%\">\n<figure class=\"wp-block-image size-large\"><a href=\"https:\/\/www.huzarenvanboreel.nl\/wp-content\/uploads\/2021\/03\/20210326_a3-1024x682.jpg\"><img decoding=\"async\" src=\"https:\/\/www.huzarenvanboreel.nl\/wp-content\/uploads\/2021\/03\/20210326_a3-1024x682.jpg\" alt=\"\"\/><\/a><\/figure>\n<\/div>\n<\/div>\n\n\n\n<div class=\"wp-block-columns is-layout-flex wp-container-core-columns-is-layout-9d6595d7 wp-block-columns-is-layout-flex\">\n<div class=\"wp-block-column is-vertically-aligned-center is-layout-flow wp-block-column-is-layout-flow\" style=\"flex-basis:33.33%\">\n<figure class=\"wp-block-image size-large\"><img loading=\"lazy\" decoding=\"async\" width=\"861\" height=\"1024\" src=\"https:\/\/www.huzarenvanboreel.nl\/wp-content\/uploads\/2024\/04\/Boreel-Willem-Francois-861x1024.jpeg\" alt=\"\" class=\"wp-image-45578\" srcset=\"https:\/\/huzarenvanboreel.nl\/wp-content\/uploads\/2024\/04\/Boreel-Willem-Francois-861x1024.jpeg 861w, https:\/\/huzarenvanboreel.nl\/wp-content\/uploads\/2024\/04\/Boreel-Willem-Francois-252x300.jpeg 252w, https:\/\/huzarenvanboreel.nl\/wp-content\/uploads\/2024\/04\/Boreel-Willem-Francois-768x913.jpeg 768w, https:\/\/huzarenvanboreel.nl\/wp-content\/uploads\/2024\/04\/Boreel-Willem-Francois-600x714.jpeg 600w, https:\/\/huzarenvanboreel.nl\/wp-content\/uploads\/2024\/04\/Boreel-Willem-Francois.jpeg 908w\" sizes=\"auto, (max-width: 861px) 100vw, 861px\" \/><\/figure>\n<\/div>\n\n\n\n<div class=\"wp-block-column is-vertically-aligned-center is-layout-flow wp-block-column-is-layout-flow\" style=\"flex-basis:66.66%\">\n<p class=\"has-medium-font-size\">Over Willem Fran\u00e7ois Boreel:<\/p>\n\n\n\n<p>Willem Fran\u00e7ois, kreeg in 1813 de opdracht van de toen kersverse Koning Willem-1, om een regiment huzaren op te richten, dat later de naam \u201cHuzaren van Boreel\u201d kreeg. <\/p>\n\n\n\n<p>Twee jaar later voerde hij zijn regiment aan in de veldslagen bij Quatre Bras en Waterloo (1815) en hielp daarmee het leger van Napoleon definitief te verslaan. <\/p>\n\n\n\n<p>Hij werd hiervoor onderscheiden met de <a href=\"https:\/\/www.huzarenvanboreel.nl\/wp-content\/uploads\/2024\/04\/Officier_in_de_Militaire_Willems-Orde.jpeg\" target=\"_blank\" rel=\"noreferrer noopener\">Militaire Willemsorde<\/a> 3e klasse. <br>Later nam Willem Francois deel aan de 10-daagse veldtocht (1830) en schopte het uiteindelijk als Generaal-majoor tot Opperbevelhebber der Cavalerie.<\/p>\n\n\n\n<p>Na zijn militaire carriere werd hij Opperstalmeester en later Grootmeester aan het Hof van Koning Willem-2 en later aan het hof van Koning Willem-3.<\/p>\n<\/div>\n<\/div>\n\n\n\n<p><\/p>\n","protected":false},"excerpt":{"rendered":"<p>Huzarenstukje op Familiebegraafplaats \u201cde Kikvorsch\u201d in Velsen-Zuid. Door Luitenant-kolonel bd Jhr Jaap Boreel; regimentsarts Ergens op een beschut plekje aan de rand van de Kennemerduinen staan tussen het struweel enkele oude grijsmarmeren grafzerken. Achter een monumentale gietijzeren toegangspoort ligt hier de eeuwenoude priv\u00e9 begraafplaats van de familie Boreel. Een prachtig stil plekje, mooi verscholen tussen &#8230; <a title=\"Eerbetoon aan onze oprichter\" class=\"read-more\" href=\"https:\/\/huzarenvanboreel.nl\/index.php\/huzarenstukje-op-familiebegraafplaats-de-kikvorsch-in-velsen-zuid\/\" aria-label=\"Lees meer over Eerbetoon aan onze oprichter\">Lees verder<\/a><\/p>\n","protected":false},"author":1,"featured_media":0,"parent":0,"menu_order":0,"comment_status":"closed","ping_status":"closed","template":"","meta":{"_bbp_topic_count":0,"_bbp_reply_count":0,"_bbp_total_topic_count":0,"_bbp_total_reply_count":0,"_bbp_voice_count":0,"_bbp_anonymous_reply_count":0,"_bbp_topic_count_hidden":0,"_bbp_reply_count_hidden":0,"_bbp_forum_subforum_count":0,"ngg_post_thumbnail":0,"footnotes":""},"class_list":["post-43840","page","type-page","status-publish"],"_links":{"self":[{"href":"https:\/\/huzarenvanboreel.nl\/index.php\/wp-json\/wp\/v2\/pages\/43840","targetHints":{"allow":["GET"]}}],"collection":[{"href":"https:\/\/huzarenvanboreel.nl\/index.php\/wp-json\/wp\/v2\/pages"}],"about":[{"href":"https:\/\/huzarenvanboreel.nl\/index.php\/wp-json\/wp\/v2\/types\/page"}],"author":[{"embeddable":true,"href":"https:\/\/huzarenvanboreel.nl\/index.php\/wp-json\/wp\/v2\/users\/1"}],"replies":[{"embeddable":true,"href":"https:\/\/huzarenvanboreel.nl\/index.php\/wp-json\/wp\/v2\/comments?post=43840"}],"version-history":[{"count":12,"href":"https:\/\/huzarenvanboreel.nl\/index.php\/wp-json\/wp\/v2\/pages\/43840\/revisions"}],"predecessor-version":[{"id":60922,"href":"https:\/\/huzarenvanboreel.nl\/index.php\/wp-json\/wp\/v2\/pages\/43840\/revisions\/60922"}],"wp:attachment":[{"href":"https:\/\/huzarenvanboreel.nl\/index.php\/wp-json\/wp\/v2\/media?parent=43840"}],"curies":[{"name":"wp","href":"https:\/\/api.w.org\/{rel}","templated":true}]}}