{"id":52,"date":"2018-01-26T10:37:55","date_gmt":"2018-01-26T09:37:55","guid":{"rendered":"http:\/\/www.huzarenvanboreel.nl\/?page_id=52"},"modified":"2024-07-25T18:00:29","modified_gmt":"2024-07-25T16:00:29","slug":"hulpverlening","status":"publish","type":"page","link":"https:\/\/huzarenvanboreel.nl\/index.php\/over-ons\/hulpverlening\/","title":{"rendered":"Hulpverlening"},"content":{"rendered":"<h2>Sociale Co\u00f6rdinatie-commissie\/nuldelijns hulp<\/h2>\n<h3>Contactgegevens<img loading=\"lazy\" decoding=\"async\" class=\"alignright wp-image-51435\" src=\"https:\/\/www.huzarenvanboreel.nl\/wp-content\/uploads\/2024\/07\/hulplijn-telefoon-300x232.png\" alt=\"\" width=\"195\" height=\"151\"><\/h3>\n<p>Lkol (b.d.) E.P. (Ben) Doomernik<br \/>\n06-15944947<br \/>\n<a href=\"mailto:hulplijn@huzarenvanboreel.nl\">hulplijn@huzarenvanboreel.nl<\/a><\/p>\n<h3>Algemeen<\/h3>\n<p>De Sociale Co\u00f6rdinatie-commissie kan benaderd worden voor allerlei vragen die te maken hebben met het welzijn van Regimentsgenoten en overige leden van de Vereniging. Dit kan vari\u00ebren van aandacht bij ziekte tot ondersteuning bij het vinden van juiste hulpverlening bij schulden of psychische problemen. <span style=\"text-decoration: underline;\">Iedereen<\/span> uit de omgeving van een regimentsgenoot of lid van de vereniging kan contact zoeken met de Sociale Co\u00f6rdinatie-commissie.<\/p>\n<p>Nuldelijns hulp is heel specifiek hulp aan veteranen met psychische klachten die mogelijk het gevolg zijn van traumatische ervaringen tijdens oorlogen of missies. Binnen de vereniging Huzaren van Boreel zijn een aantal door het veteraneninstituut opgeleide nuldelijnsondersteuners om deze groep veteranen te helpen bij het vinden van de juiste weg naar de voor hen best mogelijke professionele hulpverlening. Ook hier geldt dat <span style=\"text-decoration: underline;\">iedereen<\/span> uit de omgeving van zo\u2019n veteraan het eerste contact met ons kan leggen.<\/p>\n<h3>Veteranenloket<\/h3>\n<p>Er kan ook direct contact gelegd worden met het Veteranenloket via telefoon: 088-3340000 <strong>(24 uur per dag, 7 dagen per week)<\/strong> of via e-mail: <a href=\"mailto:info@veteranenloket.nl\">info@veteranenloket.nl<\/a><\/p>\n<p>Het Veteranenloket biedt toegang tot bestaande zorg en dienstverlening van het ministerie van defensie, het Veteraneninstituut (Vi), het Landelijk Zorgsysteem voor Veteranen (LZV), het Algemeen Burgerlijk Pensioenfonds (ABP) en het Veteranenplatform (VP) en maakt deze centraal bereikbaar via \u00e9\u00e9n website en \u00e9\u00e9n telefoonnummer. Door deze centraal geco\u00f6rdineerde opzet, staan de veteraan en zijn directe verwanten direct in het middelpunt, zoals het ook hoort. Voor een acute zorgvraag is het loket ook buiten kantooruren bereikbaar. Voor meer informatie kunt U de website bezoeken via <a href=\"https:\/\/www.nlveteraneninstituut.nl\/veteranenloket\/\" target=\"_blank\" rel=\"noopener\">https:\/\/www.nlveteraneninstituut.nl\/veteranenloket\/&nbsp;<\/a><\/p>\n<h2><a href=\"https:\/\/www.veteranenloket.nl\"><img loading=\"lazy\" decoding=\"async\" class=\"size-full wp-image-146 alignleft\" src=\"https:\/\/www.huzarenvanboreel.nl\/wp-content\/uploads\/2018\/01\/Veteranenloket.png\" alt=\"\" width=\"151\" height=\"50\" srcset=\"https:\/\/huzarenvanboreel.nl\/wp-content\/uploads\/2018\/01\/Veteranenloket.png 151w, https:\/\/huzarenvanboreel.nl\/wp-content\/uploads\/2018\/01\/Veteranenloket-150x50.png 150w\" sizes=\"auto, (max-width: 151px) 100vw, 151px\" \/><\/a><\/h2>\n<p><a href=\"https:\/\/www.113.nl\/maak-je-je-zorgen-om-iemand\" target=\"_blank\" rel=\"noopener\"><img loading=\"lazy\" decoding=\"async\" class=\"alignright wp-image-51433\" src=\"https:\/\/www.huzarenvanboreel.nl\/wp-content\/uploads\/2024\/07\/113-logo-300x169.png\" alt=\"\" width=\"178\" height=\"100\"><\/a><\/p>\n","protected":false},"excerpt":{"rendered":"<p>Sociale Co\u00f6rdinatie-commissie\/nuldelijns hulp Contactgegevens Lkol (b.d.) E.P. (Ben) Doomernik 06-15944947 hulplijn@huzarenvanboreel.nl Algemeen De Sociale Co\u00f6rdinatie-commissie kan benaderd worden voor allerlei vragen die te maken hebben met het welzijn van Regimentsgenoten en overige leden van de Vereniging. Dit kan vari\u00ebren van aandacht bij ziekte tot ondersteuning bij het vinden van juiste hulpverlening bij schulden of psychische &#8230; <a title=\"Hulpverlening\" class=\"read-more\" href=\"https:\/\/huzarenvanboreel.nl\/index.php\/over-ons\/hulpverlening\/\" aria-label=\"Lees meer over Hulpverlening\">Lees verder<\/a><\/p>\n","protected":false},"author":1,"featured_media":42751,"parent":8,"menu_order":0,"comment_status":"closed","ping_status":"closed","template":"","meta":{"_bbp_topic_count":0,"_bbp_reply_count":0,"_bbp_total_topic_count":0,"_bbp_total_reply_count":0,"_bbp_voice_count":0,"_bbp_anonymous_reply_count":0,"_bbp_topic_count_hidden":0,"_bbp_reply_count_hidden":0,"_bbp_forum_subforum_count":0,"ngg_post_thumbnail":0,"footnotes":""},"class_list":["post-52","page","type-page","status-publish","has-post-thumbnail"],"_links":{"self":[{"href":"https:\/\/huzarenvanboreel.nl\/index.php\/wp-json\/wp\/v2\/pages\/52","targetHints":{"allow":["GET"]}}],"collection":[{"href":"https:\/\/huzarenvanboreel.nl\/index.php\/wp-json\/wp\/v2\/pages"}],"about":[{"href":"https:\/\/huzarenvanboreel.nl\/index.php\/wp-json\/wp\/v2\/types\/page"}],"author":[{"embeddable":true,"href":"https:\/\/huzarenvanboreel.nl\/index.php\/wp-json\/wp\/v2\/users\/1"}],"replies":[{"embeddable":true,"href":"https:\/\/huzarenvanboreel.nl\/index.php\/wp-json\/wp\/v2\/comments?post=52"}],"version-history":[{"count":13,"href":"https:\/\/huzarenvanboreel.nl\/index.php\/wp-json\/wp\/v2\/pages\/52\/revisions"}],"predecessor-version":[{"id":51439,"href":"https:\/\/huzarenvanboreel.nl\/index.php\/wp-json\/wp\/v2\/pages\/52\/revisions\/51439"}],"up":[{"embeddable":true,"href":"https:\/\/huzarenvanboreel.nl\/index.php\/wp-json\/wp\/v2\/pages\/8"}],"wp:featuredmedia":[{"embeddable":true,"href":"https:\/\/huzarenvanboreel.nl\/index.php\/wp-json\/wp\/v2\/media\/42751"}],"wp:attachment":[{"href":"https:\/\/huzarenvanboreel.nl\/index.php\/wp-json\/wp\/v2\/media?parent=52"}],"curies":[{"name":"wp","href":"https:\/\/api.w.org\/{rel}","templated":true}]}}